{"id":29,"date":"2008-11-06T08:04:36","date_gmt":"2008-11-06T07:04:36","guid":{"rendered":"http:\/\/taf.gozzled.com\/?page_id=29"},"modified":"2020-08-30T00:32:14","modified_gmt":"2020-08-29T23:32:14","slug":"how-it-all-started","status":"publish","type":"page","link":"https:\/\/taf.gozzled.com\/","title":{"rendered":"1) How it all started&#8230;.."},"content":{"rendered":"<p>I had\u00a0always wanted an Addams Family pinball machine. I have no idea when I played one for the first time, but I do remember thinking having played it just the once &#8220;how do I get that hand to come out again?&#8221;<\/p>\n<p>I&#8217;m no pinball freak\/wizard\/expert. I&#8217;ve only played pinball a few times (once a year, on average, would be overstating the facts) but there was always something about The Addams Family pinball that kept me intrigued.<\/p>\n<p>I first toyed with the idea of buying a pinball machine for myself in 1996. But didn&#8217;t. I got as many brochures as I could from gaming providers at that time and read the descriptions of all the pinballs on offer, but still kept coming back to and focusing on The Addams Family pinball. But still I didn&#8217;t invest the 4,150 DM for a new machine at that time.<\/p>\n<p>Fast forward 12 years. I&#8217;ve got the house, the wife, the kids and a surprise bonus from my employer&#8230;&#8230;and still an itching to acquire a pinball machine. So, first stop, Ebay.<\/p>\n<p>To cut a long story short, I found the following TAF (The Addams Family) pinball machine on ebay:<\/p>\n<blockquote><p><span style=\"font-size: x-small; font-family: Arial;\">Zum verkauf steht hier ein traumhafter <strong>KULT<\/strong> <strong>FLIPPER ADDAMS FAMILY &#8211; nat\u00fcrlich ist die wolke auch vorhanden !!!<br \/>\n<\/strong><\/span><span style=\"font-size: x-small; font-family: Arial;\"><span style=\"color: #ff0000;\">For sale a wonderful cult Addams Family pinball &#8211; with cloud, of course<\/span><br \/>\ndie maschine wurde aufwendig \u00fcberholt alle verschlei\u00dfte gegebenenfalls erneuert ( gummis und leuchtmittel nat\u00fcrlich auch )<br \/>\n<span style=\"color: #ff0000;\">the machine has been extensively restored, all worn parts replaced where necessary (rubbers and lamps included of course)<br \/>\n<\/span><\/span><span style=\"font-size: x-small; font-family: Arial;\">ca. 18 stunden hatt die \u00fcberholung an zeit in anspruch genommen !!!!!!!!!!!!!!!!<br \/>\n<span style=\"color: #ff0000;\">the restoration took around 18 hours<\/span><br \/>\n<\/span><span style=\"font-size: x-small; font-family: Arial;\">die flipperarme haben volle kraft ,<br \/>\n<span style=\"color: #ff0000;\">the flippers have full power<\/span><br \/>\n<\/span><span style=\"font-size: x-small; font-family: Arial;\">die dot matix ist einwandfrei ,<br \/>\n<span style=\"color: #ff0000;\">the dot matrix has no faults<br \/>\n<\/span><\/span><span style=\"font-size: x-small; font-family: Arial;\">der flipper verf\u00fcgt \u00fcber einen euro m\u00fcnzpr\u00fcfer , zur zeit eingestellt auf frei spielen<br \/>\n<span style=\"color: #ff0000;\">the pinball has a Euro coin mechanism, which is currently set to free play<br \/>\n<\/span><\/span><span style=\"font-size: x-small; font-family: Arial;\">die spielflache wurde gereinigt und mit spezialwachs versiegelt .<br \/>\n<span style=\"color: #ff0000;\">the playfield has been cleaned and sealed with special wax<br \/>\n<\/span><\/span><span style=\"font-size: x-small; font-family: Arial;\">die plastikteile sind ohne besch\u00e4digung \/ spielfeld keine abspielungen<br \/>\n<span style=\"color: #ff0000;\">the plastic parts are not damaged \/ the playfield is not worn<br \/>\n<\/span><\/span><span style=\"font-size: x-small; font-family: Arial;\">es handelt sich um ein <strong>Privatverkauf <\/strong>, somit gibt es keine Anspr\u00fcche oder R\u00fcckgabe des Flippers. Versandkosten \u00fcbernimmt der Gewinner dieser Auktion, Ebay \u00fcbernehme ich.. <\/span><\/p>\n<p><span style=\"font-size: x-small; font-family: Arial;\">abholung und probespielen nat\u00fcrlich gerne gesehen &#8230; <\/span><\/p><\/blockquote>\n<blockquote><p><span style=\"font-size: x-small; font-family: Arial;\">versandkosten 90,- \u20acuro, zahlung und abholung innerhalb von 7 tagen , bei fragen 016095676982<\/span><\/p><\/blockquote>\n<p>Attached were the following photos:<\/p>\n<p><a href=\"https:\/\/taf.gozzled.com\/wp-content\/uploads\/2008\/11\/3f32_11.jpg\"><img loading=\"lazy\" decoding=\"async\" class=\"alignnone size-medium wp-image-21\" title=\"3f32_11\" src=\"https:\/\/taf.gozzled.com\/wp-content\/uploads\/2008\/11\/3f32_11-225x300.jpg\" alt=\"\" width=\"135\" height=\"180\" srcset=\"https:\/\/taf.gozzled.com\/wp-content\/uploads\/2008\/11\/3f32_11-225x300.jpg 225w, https:\/\/taf.gozzled.com\/wp-content\/uploads\/2008\/11\/3f32_11.jpg 300w\" sizes=\"auto, (max-width: 135px) 100vw, 135px\" \/><\/a> <a href=\"https:\/\/taf.gozzled.com\/wp-content\/uploads\/2008\/11\/9434_1.jpg\"><img loading=\"lazy\" decoding=\"async\" class=\"alignnone size-medium wp-image-23\" title=\"9434_1\" src=\"https:\/\/taf.gozzled.com\/wp-content\/uploads\/2008\/11\/9434_1-300x225.jpg\" alt=\"\" width=\"180\" height=\"135\" srcset=\"https:\/\/taf.gozzled.com\/wp-content\/uploads\/2008\/11\/9434_1-300x225.jpg 300w, https:\/\/taf.gozzled.com\/wp-content\/uploads\/2008\/11\/9434_1.jpg 400w\" sizes=\"auto, (max-width: 180px) 100vw, 180px\" \/><\/a><\/p>\n<p><a href=\"https:\/\/taf.gozzled.com\/wp-content\/uploads\/2008\/11\/baed_1.jpg\"><img loading=\"lazy\" decoding=\"async\" class=\"alignnone size-medium wp-image-24\" title=\"baed_1\" src=\"https:\/\/taf.gozzled.com\/wp-content\/uploads\/2008\/11\/baed_1-300x225.jpg\" alt=\"\" width=\"180\" height=\"135\" srcset=\"https:\/\/taf.gozzled.com\/wp-content\/uploads\/2008\/11\/baed_1-300x225.jpg 300w, https:\/\/taf.gozzled.com\/wp-content\/uploads\/2008\/11\/baed_1.jpg 400w\" sizes=\"auto, (max-width: 180px) 100vw, 180px\" \/><\/a> <a href=\"https:\/\/taf.gozzled.com\/wp-content\/uploads\/2008\/11\/2a08_1.jpg\"><img loading=\"lazy\" decoding=\"async\" class=\"alignnone size-medium wp-image-27\" title=\"2a08_1\" src=\"https:\/\/taf.gozzled.com\/wp-content\/uploads\/2008\/11\/2a08_1-300x225.jpg\" alt=\"\" width=\"180\" height=\"135\" srcset=\"https:\/\/taf.gozzled.com\/wp-content\/uploads\/2008\/11\/2a08_1-300x225.jpg 300w, https:\/\/taf.gozzled.com\/wp-content\/uploads\/2008\/11\/2a08_1.jpg 400w\" sizes=\"auto, (max-width: 180px) 100vw, 180px\" \/><\/a><\/p>\n<p><a href=\"https:\/\/taf.gozzled.com\/wp-content\/uploads\/2008\/11\/0161_1.jpg\"><img loading=\"lazy\" decoding=\"async\" class=\"alignnone size-medium wp-image-22\" title=\"0161_1\" src=\"https:\/\/taf.gozzled.com\/wp-content\/uploads\/2008\/11\/0161_1-300x225.jpg\" alt=\"\" width=\"180\" height=\"135\" srcset=\"https:\/\/taf.gozzled.com\/wp-content\/uploads\/2008\/11\/0161_1-300x225.jpg 300w, https:\/\/taf.gozzled.com\/wp-content\/uploads\/2008\/11\/0161_1.jpg 400w\" sizes=\"auto, (max-width: 180px) 100vw, 180px\" \/><\/a> <a href=\"https:\/\/taf.gozzled.com\/wp-content\/uploads\/2008\/11\/4d7b_1.jpg\"><img loading=\"lazy\" decoding=\"async\" class=\"alignnone size-medium wp-image-20\" title=\"4d7b_1\" src=\"https:\/\/taf.gozzled.com\/wp-content\/uploads\/2008\/11\/4d7b_1-300x225.jpg\" alt=\"\" width=\"180\" height=\"135\" srcset=\"https:\/\/taf.gozzled.com\/wp-content\/uploads\/2008\/11\/4d7b_1-300x225.jpg 300w, https:\/\/taf.gozzled.com\/wp-content\/uploads\/2008\/11\/4d7b_1.jpg 400w\" sizes=\"auto, (max-width: 180px) 100vw, 180px\" \/><\/a><\/p>\n<p><a href=\"https:\/\/taf.gozzled.com\/wp-content\/uploads\/2008\/11\/d67a_1.jpg\"><img loading=\"lazy\" decoding=\"async\" class=\"alignnone size-medium wp-image-25\" title=\"d67a_1\" src=\"https:\/\/taf.gozzled.com\/wp-content\/uploads\/2008\/11\/d67a_1-225x300.jpg\" alt=\"\" width=\"135\" height=\"180\" srcset=\"https:\/\/taf.gozzled.com\/wp-content\/uploads\/2008\/11\/d67a_1-225x300.jpg 225w, https:\/\/taf.gozzled.com\/wp-content\/uploads\/2008\/11\/d67a_1.jpg 300w\" sizes=\"auto, (max-width: 135px) 100vw, 135px\" \/><\/a><\/p>\n<p>I made a bid on this pinball and won it for 1,630 Euros.<\/p>\n<p>This blog is about what happened next&#8230;&#8230;<\/p>\n<p>The intention of this blog is to take the reader through my learning process (as I have no idea what I&#8217;m doing &#8211; yet), what I did, why I did it and how I did it. My intention, as you will see, is to restore this pinball as best I can with the help of the world-wide community existing on the internet. I will endeavour to investigate the best way of accomplishing a task and report on the task, summarising my results.<\/p>\n<p>Hopefully at the end of the day, this will result in a document complimenting the vast amount of excellent information already available on the internet on pinball restoration and maintenance.<\/p>\n<p>Enjoy!<\/p>\n","protected":false},"excerpt":{"rendered":"<p>I had\u00a0always wanted an Addams Family pinball machine. I have no idea when I played one for the first time, but I do remember thinking having played it just the once &#8220;how do I get that hand to come out again?&#8221; I&#8217;m no pinball freak\/wizard\/expert. I&#8217;ve only played pinball a few times (once a year, [&hellip;]<\/p>\n","protected":false},"author":70,"featured_media":0,"parent":0,"menu_order":0,"comment_status":"closed","ping_status":"closed","template":"","meta":{"footnotes":""},"class_list":["post-29","page","type-page","status-publish","hentry"],"_links":{"self":[{"href":"https:\/\/taf.gozzled.com\/index.php?rest_route=\/wp\/v2\/pages\/29","targetHints":{"allow":["GET"]}}],"collection":[{"href":"https:\/\/taf.gozzled.com\/index.php?rest_route=\/wp\/v2\/pages"}],"about":[{"href":"https:\/\/taf.gozzled.com\/index.php?rest_route=\/wp\/v2\/types\/page"}],"author":[{"embeddable":true,"href":"https:\/\/taf.gozzled.com\/index.php?rest_route=\/wp\/v2\/users\/70"}],"replies":[{"embeddable":true,"href":"https:\/\/taf.gozzled.com\/index.php?rest_route=%2Fwp%2Fv2%2Fcomments&post=29"}],"version-history":[{"count":10,"href":"https:\/\/taf.gozzled.com\/index.php?rest_route=\/wp\/v2\/pages\/29\/revisions"}],"predecessor-version":[{"id":2791,"href":"https:\/\/taf.gozzled.com\/index.php?rest_route=\/wp\/v2\/pages\/29\/revisions\/2791"}],"wp:attachment":[{"href":"https:\/\/taf.gozzled.com\/index.php?rest_route=%2Fwp%2Fv2%2Fmedia&parent=29"}],"curies":[{"name":"wp","href":"https:\/\/api.w.org\/{rel}","templated":true}]}}